{"id":4259,"date":"2022-08-10T06:51:01","date_gmt":"2022-08-10T04:51:01","guid":{"rendered":"https:\/privacy\/"},"modified":"2023-07-01T13:28:26","modified_gmt":"2023-07-01T11:28:26","slug":"privacy","status":"publish","type":"page","link":"https:\/\/garganoappartamenti.ftweb.it\/en\/privacy\/","title":{"rendered":"Privacy"},"content":{"rendered":"<h3><strong>Privacy\u00a0Policy di Appartamenti e Ville Zim &#8211; Tutela dei dati personali<\/strong><\/h3>\n<p><strong>Con riferimento a quanto previsto dal D. Lgs. n.196 del 30 giugno 2003, recante disposizioni a tutela della riservatezza nel trattamento dei dati personali, desideriamo con la presente informarVi che:<\/strong><\/p>\n<div>\n<ol>\n<li>i dati personali da Voi forniti, ovvero altrimenti acquisiti nell\u2019ambito della nostra attivit\u00e0 possono formare oggetto di trattamento utilizzando il Sistema Informativo con o senza l&#8217;ausilio di mezzi elettronici nel rispetto della normativa sopra richiamata per le finalit\u00e0 istituzionali della nostra societ\u00e0 ed in particolare per:<br \/>\n\u2013 dare esecuzione ad un servizio o ad una o pi\u00f9 operazioni contrattualmente convenute<br \/>\n\u2013 l\u2019esecuzione di obblighi previsti da leggi o regolamenti<br \/>\n\u2013 la tutela dei nostri diritti in sede giudiziaria<\/li>\n<li>il conferimento dei Vostri dati alla nostra azienda \u00e8 strettamente funzionale all\u2019esecuzione del rapporto contrattuale<\/li>\n<li>in relazione al trattamento dei dati da parte nostra avete la facolt\u00e0 di esercitare i diritti del D. Lgs. n. 196\/03 sotto riportato<\/li>\n<li>il titolare del trattamento dei dati \u00e8 Zangardi Bruno, Titolare di Agenzia Zim. Questi saranno conservati in via delle Meduse 34 \u2013 Rodi Garganico (FG)<\/li>\n<li>i dati saranno conservati per il tempo prescritto dalle norme di legge<\/li>\n<li>il trattamento dei dati forniti o altrimenti acquisiti nell\u2019ambito della nostra attivit\u00e0 potr\u00e0 essere effettuato anche da soggetti a cui sia riconosciuta la facolt\u00e0 di accedere ai Vostri dati personali da norme di legge o di normative secondarie e\/o comunitarie<\/li>\n<\/ol>\n<p><strong>D. Lgs. n. 196 del 30 giugno 2003, Regolamento Ue 2016\/679 GDPR (General Data Protection Regulation) diritti dell\u2019interessato:<\/strong><\/p>\n<ol>\n<li>In relazione al trattamento dei dati personali l&#8217;interessato ha diritto:<br \/>\na) di conoscere, mediante accesso gratuito al registro di cui all\u2019articolo31, comma 1, lettera a), l\u2019esistenza di trattamenti di dati che possono riguardarlo;<br \/>\nb) di essere informato su quanto indicato all\u2019articolo 7, comma 4, lettere a), b) e h);<br \/>\nc) di ottenere, a cura del titolare o del responsabile, senza ritardo:<br \/>\n1. la conferma dell&#8217;esistenza o meno di dati personali che lo riguardano; anche se non ancora registrati, e la comunicazione in forma intellegibile dei medesimi dati e della loro origine, nonch\u00e8 della logica e delle finalit\u00e0 su cui si basa il trattamento; la richiesta pu\u00f2 essere rinnovata, salva l&#8217;esistenza di giustificati motivi, con intervallo non minore di novanta giorni;<br \/>\n2. la cancellazione, la trasformazione in forma anonima o il blocco dei dati trattati in violazione di legge, compresi quelli di cui non \u00e8 necessaria la conservazione in relazione agli scopi per i quali i dati sono stati raccolti o successivamente trattati;<br \/>\n3. l&#8217;aggiornamento, la rettificazione ovvero, qualora vi abbia interesse, l&#8217;integrazione dei dati;<br \/>\n4. la testazione che le operazioni di cui ai numeri 2) e 3) sono state portate a conoscenza, anche per quanto riguarda il loro contenuto, di coloro ai quali i dati sono stati comunicati o diffusi, eccettuato il caso in cui tale adempimento si riveli impossibile o comporti un impiego di mezzi manifestamente sproporzionato rispetto al diritto del tutelato;<br \/>\nd) di opporsi, in tutto o in parte, per motivi legittimi, al trattamento dei dati personali che lo riguardano, ancorch\u00e9 pertinenti allo scopo della raccolta;<br \/>\ne) di opporsi, in tutto o in parte, al trattamento di dati personali che lo riguardano previsto a fini di informazione commerciale o di invio di materiale pubblicitario o di vendita diretta ovvero per il compimento di ricerche di mercato o di comunicazione commerciale interattiva e di essere informato dal titolare, non oltre il momento in cui i dati sono comunicati o diffusi, della possibilit\u00e0 di esercitare gratuitamente tale diritto.<\/li>\n<li>Per ciascuna richiesta di cui al comma 1, lettera c), numero 1), pu\u00f2 essere chiesto all&#8217;interessato, ove non risulti confermata l&#8217;esistenza di dati che lo riguardano, un contributo spese, non superiore ai costi effettivamente sopportati, secondo le modalit\u00e0 ed entro i limiti stabiliti dal regolamento di cui all&#8217;articolo 33, comma 3<\/li>\n<li>I diritti di cui al comma 1) riferiti ai dati personali concernenti persone decedute possono essere esercitati da chiunque vi abbia interesse<\/li>\n<li>Nell&#8217;esercizio dei diritti di cui al comma 1) l&#8217;interessato pu\u00f2 conferire, per iscritto, delega o procura a persone fisiche o ad associazioni<\/li>\n<li>Restano ferme le norme sul segreto professionale degli esercenti la professione di giornalista, limitatamente alla fonte della notizia.<\/li>\n<\/ol>\n<p><b>Modalit\u00e0 di trattamento<\/b><\/p>\n<p>Il Titolare tratta i Dati Personali degli Utenti adottando le opportune misure di sicurezza volte ad impedire l\u2019accesso, la divulgazione, la modifica o la distruzione non autorizzate dei Dati Personali.<\/p>\n<p>Il trattamento viene effettuato mediante strumenti informatici e\/o telematici, con modalit\u00e0 organizzative e con logiche strettamente correlate alle finalit\u00e0 indicate. Oltre al Titolare, in alcuni casi, potrebbero avere accesso ai Dati categorie di incaricati coinvolti nell&#8217;organizzazione del sito (personale amministrativo, commerciale, marketing, legali, amministratori di sistema) ovvero soggetti esterni (come fornitori di servizi tecnici terzi, corrieri postali, hosting provider, societ\u00e0 informatiche, agenzie di comunicazione) nominati anche, se necessario, Responsabili del Trattamento da parte del Titolare.<\/p>\n<p><b>Finalit\u00e0 del trattamento<\/b><\/p>\n<p>I Dati dell\u2019Utente sono raccolti per consentire al Titolare di fornire i propri servizi, cos\u00ec come per le seguenti finalit\u00e0: Statistica, Pubblicit\u00e0, Hosting ed infrastruttura backend, Interazione con social network e piattaforme esterne e Visualizzazione di contenuti da piattaforme esterne.<\/p>\n<p>Le tipologie di Dati Personali utilizzati per ciascuna finalit\u00e0 sono indicati nelle sezioni specifiche di questo documento.<\/p>\n<p>In particolare, i Dati di Navigazione sono trattati esclusivamente:<\/p>\n<ol>\n<li>per la gestione operativa della navigazione;<\/li>\n<li>per l&#8217;elaborazione di dati statistici sugli accessi e la consultazione;<\/li>\n<li>per la gestione della sicurezza dei Dati.<\/li>\n<\/ol>\n<p>Quanto ai Dati Personali conferiti volontariamente dall&#8217;Utente, essi sono trattati per le seguenti finalit\u00e0, oltre a quelle indicate in seguito:<\/p>\n<ol>\n<li>per l&#8217;elaborazione di statistiche d&#8217;uso anonime ed aggregate;<\/li>\n<li>tutela o difesa di diritti in sede giudiziaria;<\/li>\n<li>adempimento di obblighi previsti da leggi o regolamenti vigenti, anche in materia contabile e fiscale;<\/li>\n<li>soddisfacimento degli scopi specifici per i quali tali Dati sono stati forniti dall&#8217;Utente (<i>e.g.<\/i>\u00a0fornitura di un servizio, risposta a specifici quesiti inoltrati tramite form di contatto, richieste assistenza\u00a0<i>etc<\/i>.);<\/li>\n<li>partecipazione dell&#8217;Utente a iniziative, nel rispetto delle norme che disciplinano tali attivit\u00e0 o di eventuali regolamenti pubblicati sul sito.<\/li>\n<\/ol>\n<p>Allo scopo di perseguire le finalit\u00e0 di trattamento sopra descritte, Appartamenti e Ville Zim si avvale dei seguenti servizi, elencati per finalit\u00e0 di trattamento.<\/p>\n<ol>\n<li><b>Hosting ed infrastruttura backend<br \/>\n<\/b>Questo tipo di servizi ha la funzione di ospitare dati e file che permettono a Appartamenti e Ville Zim di funzionare, ne consentono la distribuzione e mettono a disposizione un&#8217;infrastruttura pronta all\u2019uso per erogare specifiche funzionalit\u00e0 di Appartamenti e Ville Zim.<\/li>\n<li>Alcuni di questi servizi funzionano attraverso server dislocati geograficamente in luoghi differenti, rendendo difficile la determinazione del luogo esatto in cui vengono conservati i Dati Personali.<\/li>\n<li><b>Interazione con social network e piattaforme esterne<br \/>\n<\/b>Questo tipo di servizi permette di effettuare interazioni con i social network, o con altre piattaforme esterne, direttamente dalle pagine di Appartamenti e Ville Zim.<\/li>\n<\/ol>\n<p>Le interazioni e le informazioni acquisite da Appartamenti e Ville Zim sono in ogni caso soggette alle impostazioni privacy dell&#8217;Utente relative ad ogni social network.<\/p>\n<ol>\n<li>Nel caso in cui sia installato un servizio di interazione con i social network, \u00e8 possibile che, anche nel caso gli Utenti non utilizzino il servizio, lo stesso raccolga dati di traffico relativi alle pagine in cui \u00e8 installato.<\/li>\n<li><b>Pulsante +1 e widget sociali di Google+ (Google Inc.)<br \/>\n<\/b>Il pulsante +1 e i widget sociali di Google+ sono servizi di interazione con il social network Google+, forniti da Google Inc.<br \/>\nDati Personali raccolti: Cookie e Dati di Utilizzo.<br \/>\nLuogo del trattamento: USA \u2013\u00a0<a href=\"https:\/\/www.google.com\/intl\/it\/policies\/privacy\/\">Privacy Policy<\/a><\/li>\n<li><b>Pulsante Mi Piace e widget sociali di Facebook (Facebook, Inc.)<br \/>\n<\/b>Il pulsante \u201cMi Piace\u201d e i widget sociali di Facebook sono servizi di interazione con il social network Facebook, forniti da Facebook, Inc.<br \/>\nDati Personali raccolti: Cookie e Dati di Utilizzo.<br \/>\nLuogo del trattamento: USA \u2013\u00a0<a href=\"https:\/\/www.facebook.com\/privacy\/explanation\">Privacy Policy<\/a><\/li>\n<li><b>Pulsante Tweet e widget sociali di Twitter (Twitter, Inc.)<br \/>\n<\/b>Il pulsante Tweet e i widget sociali di Twitter sono servizi di interazione con il social network Twitter, forniti da Twitter, Inc.<br \/>\nDati Personali raccolti: Cookie e Dati di Utilizzo.<br \/>\nLuogo del trattamento : USA \u2013\u00a0<a href=\"https:\/\/twitter.com\/privacy\">Privacy Policy<\/a><\/li>\n<\/ol>\n<p><b>Pubblicit\u00e0<\/b><br \/>\nQuesta tipologia di servizi consente di utilizzare i Dati dell&#8217;Utente per finalit\u00e0 di comunicazione commerciale in diverse forme pubblicitarie, quali il banner, i video, etc.\u00a0 Ci\u00f2 non significa che tutti i Dati Personali vengano utilizzati per questa finalit\u00e0. Dati e condizioni di utilizzo sono indicati di seguito.<\/p>\n<ol>\n<li><b>Statistica<br \/>\n<\/b>I servizi contenuti nella presente sezione permettono al Titolare del Trattamento di monitorare e analizzare i dati di traffico. Appartamenti e Ville Zim utilizza questo servizio al fine di effettuare analisi aggregate sui propri Utenti in forma anonima e, cos\u00ec, migliorare le prestazioni del sito Appartamenti e Ville Zim.<br \/>\nTutti i servizi di statistica sono utilizzati da Appartamenti e Ville Zim tramite una integrazione che rende anonimo l&#8217;indirizzo IP dell\u2019Utente.\u00a0\u00a0\u00a0<b>\u00a0<\/b><\/li>\n<\/ol>\n<p><b>Google Analytics con IP anonimizzato (Google Inc.)<\/b><br \/>\nGoogle Analytics \u00e8 un servizio di statistica gratuito fornito da Google Inc..<\/p>\n<p>Dati Personali raccolti: Cookie e Dati di Utilizzo.<br \/>\nLuogo del trattamento : USA \u2013\u00a0<a href=\"https:\/\/www.google.com\/intl\/it\/policies\/privacy\/\">Privacy Policy<\/a>\u00a0\u2013\u00a0<a href=\"https:\/\/tools.google.com\/dlpage\/gaoptout?hl=it\">Opt Ou<\/a><\/p>\n<ol>\n<li><b>Visualizzazione di contenuti da piattaforme esterne<br \/>\n<\/b>Questo tipo di servizi permette di visualizzare contenuti ospitati su piattaforme esterne direttamente dalle pagine di Appartamenti e Ville Zim e di interagire con essi.<br \/>\nNel caso in cui sia installato un servizio di questo tipo, \u00e8 possibile che, anche nel caso gli Utenti non utilizzino il servizio, lo stesso raccolga dati di traffico relativi alle pagine in cui \u00e8 installato.<b><\/b><\/li>\n<li><b>Widget Video YouTube (Google Inc.)<br \/>\n<\/b>YouTube \u00e8 un servizio di visualizzazione di contenuti video gestito da Google Inc. che permette a Appartamenti e Ville Zim di integrare tali contenuti all&#8217;interno delle proprie pagine.<br \/>\nDati Personali raccolti: Cookie e Dati di Utilizzo.<br \/>\nLuogo del trattamento : USA \u2013\u00a0<a href=\"https:\/\/www.google.it\/intl\/it\/policies\/privacy\/\">Privacy Policy<\/a><\/li>\n<li><b>Widget Instagram (Instagram, Inc.)<br \/>\n<\/b>Instagram \u00e8 un servizio di visualizzazione di immagini gestito da Instagram, Inc. che permette a Appartamenti e Ville Zim di integrare tali contenuti all&#8217;interno delle proprie pagine.<br \/>\nDati Personali raccolti: Cookie e Dati di Utilizzo.<br \/>\nLuogo del trattamento : USA \u2013\u00a0<a href=\"https:\/\/www.instagram.com\/about\/legal\/privacy\/\">Privacy Policy<\/a><\/li>\n<li><b>Widget Google Maps (Google Inc.)<br \/>\n<\/b>Google Maps \u00e8 un servizio di visualizzazione di mappe gestito da Google Inc. che permette a Appartamenti e Ville Zim di integrare tali contenuti all&#8217;interno delle proprie pagine.<br \/>\nDati Personali raccolti: Cookie e Dati di Utilizzo.<br \/>\nLuogo del trattamento : USA \u2013\u00a0<a href=\"https:\/\/www.google.it\/intl\/it\/policies\/privacy\/\">Privacy Policy<\/a><\/li>\n<\/ol>\n<p><b>Ulteriori informazioni sui Dati Personali<\/b><\/p>\n<p><b>Funzionalit\u00e0 di condivisione tramite social network<\/b><\/p>\n<p>Su Appartamenti e Ville Zim \u00e8 disponibile la funzionalit\u00e0 di condivisione tramite\u00a0<i>social network<\/i>. Tale funzionalit\u00e0 permette agli Utenti l&#8217;invio di inviti, notizie o altro tipo di comunicazioni e\/o la condivisione di contenuti presenti o azioni intraprese dall&#8217;Utente medesimo (<i>e.g<\/i>. condivisione commenti\u00a0<i>etc<\/i>.) sul Sito in uso, tramite l\u2019utilizzo di\u00a0<i>social network<\/i>\u00a0esterni a Appartamenti e Ville Zim (<i>e.g<\/i>. Facebook, Twitter, Google+\u00a0<i>etc<\/i>.). In tali casi, l&#8217;Utente deve essere consapevole che i Dati Personali eventualmente conferiti potrebbero essere trattati anche da terze parti titolari di tali\u00a0<i>social network<\/i>\u00a0secondo la loro privacy policy e senza alcuna possibilit\u00e0 per il Titolare di esercitare alcun tipo di controllo o influenza su tali successive modalit\u00e0 di trattamento.<\/p>\n<p>L&#8217;Utente \u00e8 invitato a leggere ed accettare le privacy policy di tali terze parti disponibili per la consultazione ai link presenti nella sezione dedicata a ciascuno di tali servizi all&#8217;interno del presente documento.<\/p>\n<p><b>Diritti dell\u2019interessato<\/b><\/p>\n<p>L&#8217;Utente, in qualit\u00e0 di interessato, potr\u00e0 rivolgersi al Titolare, in qualsiasi momento, senza alcuna formalit\u00e0, per far valere i suoi diritti, cos\u00ec come previsti dall\u2019articolo 7 del Codice Privacy, che per comodit\u00e0 di lettura dell\u2019Utente si riporta di seguito nella sua interezza:<\/p>\n<p><i>1. L\u2019interessato ha diritto di ottenere la conferma dell&#8217;esistenza o meno di dati personali che lo riguardano, anche se non ancora registrati, e la loro comunicazione in forma intelligibile.<\/i><\/p>\n<p><i>2. L&#8217;interessato ha diritto di ottenere l&#8217;indicazione:<\/i><\/p>\n<ol>\n<li><i>dell&#8217;origine dei dati personali;<\/i><\/li>\n<li><i>delle finalit\u00e0 e modalit\u00e0 del trattamento;<\/i><\/li>\n<li><i>della logica applicata in caso di trattamento effettuato con l&#8217;ausilio di strumenti elettronici;<\/i><\/li>\n<li><i>degli estremi identificativi del titolare, dei responsabili e del rappresentante designato ai sensi dell\u2019articolo 5, comma 2 (del Codice Privacy);<\/i><\/li>\n<li><i>dei soggetti o delle categorie di soggetti ai quali i dati personali possono essere comunicati o che possono venirne a conoscenza in qualit\u00e0 di rappresentante designato nel territorio dello Stato, di responsabili o incaricati.<\/i><\/li>\n<\/ol>\n<p><i>3. L&#8217;interessato ha diritto di ottenere:<\/i><\/p>\n<ol>\n<li style=\"list-style-type: none;\">\n<ol>\n<li><i>l&#8217;aggiornamento, la rettificazione ovvero, quando vi ha interesse, l&#8217;integrazione dei dati;<\/i><\/li>\n<li><i>la cancellazione, la trasformazione in forma anonima o il blocco dei dati trattati in violazione di legge, compresi quelli di cui non \u00e8 necessaria la conservazione in relazione agli scopi per i quali i dati sono stati raccolti o successivamente trattati;<\/i><\/li>\n<li><i>l&#8217;attestazione che le operazioni di cui alle lettere a) e b) sono state portate a conoscenza, anche per quanto riguarda il loro contenuto, di coloro ai quali i dati sono stati comunicati o diffusi, eccettuato il caso in cui tale adempimento si rivela impossibile o comporta un impiego di mezzi manifestamente sproporzionato rispetto al diritto tutelato.<\/i><\/li>\n<\/ol>\n<\/li>\n<\/ol>\n<p><i>4. L&#8217;interessato ha diritto di opporsi, in tutto o in parte:<\/i><\/p>\n<ol>\n<li><i>per motivi legittimi al trattamento dei dati personali che lo riguardano, ancorch\u00e9 pertinenti allo scopo della raccolta;<\/i><\/li>\n<li><i>al trattamento di dati personali che lo riguardano a fini di invio di materiale pubblicitario o di vendita diretta o per il compimento di ricerche di mercato o di comunicazione commerciale.\u201d<\/i><\/li>\n<\/ol>\n<h3 data-fontsize=\"16\" data-lineheight=\"24\">Cookies<\/h3>\n<p>Per far funzionare bene questo sito, a volte installiamo sul tuo dispositivo dei piccoli file di dati che si chiamano \u201ccookies\u201d. Anche la maggior parte dei grandi siti fanno lo stesso.<\/p>\n<h3 data-fontsize=\"16\" data-lineheight=\"24\">Cosa sono i cookies?<\/h3>\n<p>Un cookie \u00e8 un piccolo file di testo che i siti salvano sul tuo computer o dispositivo mobile mentre li visiti. Grazie ai cookies il sito ricorda le tue azioni e preferenze (per es. login, lingua, dimensioni dei caratteri e altre impostazioni di visualizzazione) in modo che tu non debba reinserirle quando torni sul sito o navighi da una pagina all&#8217;altra.<\/p>\n<h3 data-fontsize=\"16\" data-lineheight=\"24\">Come utilizziamo i cookies?<\/h3>\n<p>In alcune pagine utilizziamo i cookies per ricordare:<\/p>\n<ol>\n<li>le preferenze di visualizzazione, per es. le impostazioni del contrasto o le dimensioni dei caratteri<\/li>\n<li>se hai autorizzato l&#8217;uso dei cookies sul sito.<\/li>\n<\/ol>\n<p>Inoltre, alcuni video inseriti nelle nostre pagine utilizzano un cookie per elaborare statistiche, in modo anonimo, su come sei arrivato sulla pagina e quali video hai visto.<\/p>\n<p>Non \u00e8 necessario abilitare i cookies perch\u00e9 il sito funzioni, ma farlo migliora la navigazione. \u00c8 possibile cancellare o bloccare i cookies, per\u00f2 in questo caso alcune funzioni del sito potrebbero non funzionare correttamente.<\/p>\n<p>Le informazioni riguardanti i cookies non sono utilizzate per identificare gli utenti e i dati di navigazione restano sempre sotto il nostro controllo. Questi cookies servono esclusivamente per i fini qui descritti.<\/p>\n<h3 data-fontsize=\"16\" data-lineheight=\"24\">Come controllare i cookies?<\/h3>\n<p>Puoi controllare e\/o verificare i cookies come vuoi \u2013 per saperne di pi\u00f9, vai su\u00a0<a href=\"https:\/\/www.aboutcookies.org\/\">aboutcookies.org<\/a>. Puoi cancellare i cookies gi\u00e0 presenti nel computer e impostare quasi tutti i browser in modo da bloccarne l&#8217;installazione. Se scegli questa opzione, dovrai per\u00f2 modificare manualmente alcune preferenze ogni volta che visiti il sito ed \u00e8 possibile che alcuni servizi o determinate funzioni non siano disponibili.<\/p>\n<p><strong>Cookie usati per il tracciamento online:<\/strong><\/p>\n<ol>\n<li>Google Analytics \u2013 Policy terza<\/li>\n<li>Pixel Facebook \u2013 Policy terza<\/li>\n<li>Remarketing AdWords \u2013 Policy terza<\/li>\n<li>Retargeting Facebook \u2013 Policy terza<\/li>\n<\/ol>\n<p>Nel tuo browser puoi impostare le preferenze di privacy in modo da non memorizzare cookies, cancellarli dopo ogni visita o ogni volta che chiudi il browser, o anche accettare solo i cookies di garganoappartamenti.it e non quelli di terze parti; esiste anche un servizio, Your Online Choices, che ti mostra quali cookie installano i vari servizi e come puoi disattivarli, uno per uno.<\/p>\n<p><strong>Uso del modulo contatti e dei dati inseriti in commenti o contatti<\/strong><\/p>\n<p>Se scrivi dalla pagina Contatti i dati vengono usati per risponderti, e cos\u00ec se scrivi via posta elettronica o lasci un commento a un post. I tuoi dati restano memorizzati nel nostro archivio di posta elettronica, nel database del sito se si tratta di commenti e nei miei backup; I dati non vengono ceduti a nessun altro a meno che tu non autorizzi a farlo.<\/p>\n<p><strong>Navigazione nel sito<\/strong><\/p>\n<p>Anche noi, come milioni di altri proprietari di siti, siamo curiosi di sapere quante persone visitano il sito, quante pagine vengono aperte, da dove provengono i lettori, e roba simile.<\/p>\n<p>Per avere questi dati, usiamo Google Analytics, che \u00e8 un ottimo servizio gratuito fornito da Google; Google Analytics \u00e8 stato impostato in modo che il tuo indirizzo IP venga anonimizzato, attraverso l&#8217;azzeramento dell&#8217;ultima parte dell&#8217;indirizzo stesso.<\/p>\n<p>Le informazioni generate dal cookie di Google Analytics sull&#8217;utilizzo del sito web da parte tua (compresa la prima parte del tuo indirizzo IP) vengono quindi trasmesse a Google e depositate presso i suoi server negli Stati Uniti. Google usa queste informazioni per tracciare e esaminare l&#8217;uso del sito da parte dei visitatori, e fornire questi dati, in forma aggregata e mai collegati alla tua identit\u00e0, attraverso i report di Analytics e i suoi altri servizi informativi (es. Google Trends).<\/p>\n<p>Google potrebbe trasferire queste informazioni a terzi nel caso in cui questo sia imposto dalla legge o nel caso in cui si tratti di soggetti che trattano queste informazioni per suo conto; l&#8217;informativa su privacy e uso dei dati di Google Analytics \u00e8 qui.<\/p>\n<p>Usiamo i dati di analytics per capire meglio cosa ti piace e cosa non ti piace, e per migliorare i contenuti del sito.<\/p>\n<p>Se non vuoi essere \u201ctracciato\u201d con Google Analytics puoi scaricare il componente aggiuntivo che funziona con i browser pi\u00f9 diffusi, ed \u00e8 distribuito da Google.<\/p>\n<\/div>\n<div>\n<div>\n<div align=\"justify\">\n<p>Per la cancellazione dai servizi e qualsiasi altra informazione pu\u00f2 rivolgersi al nostro indirizzo <a href=\"mailto:info@\">info@<\/a>.<\/p>\n<p>&nbsp;<\/p>\n<\/div>\n<hr \/>\n<\/div>\n<\/div>\n","protected":false},"excerpt":{"rendered":"<p>Privacy\u00a0Policy di Appartamenti e Ville Zim &#8211; Tutela dei dati personali Con riferimento a quanto previsto dal D. Lgs. n.196 del 30 giugno 2003, recante disposizioni a tutela della riservatezza nel trattamento dei dati personali, desideriamo con la presente informarVi che: i dati personali da Voi forniti, ovvero altrimenti acquisiti nell\u2019ambito della nostra attivit\u00e0 possono [&hellip;]<\/p>\n","protected":false},"author":1,"featured_media":0,"parent":0,"menu_order":0,"comment_status":"closed","ping_status":"open","template":"","meta":{"_joinchat":[],"footnotes":""},"class_list":["post-4259","page","type-page","status-publish","hentry"],"aioseo_notices":[],"_links":{"self":[{"href":"https:\/\/garganoappartamenti.ftweb.it\/en\/wp-json\/wp\/v2\/pages\/4259","targetHints":{"allow":["GET"]}}],"collection":[{"href":"https:\/\/garganoappartamenti.ftweb.it\/en\/wp-json\/wp\/v2\/pages"}],"about":[{"href":"https:\/\/garganoappartamenti.ftweb.it\/en\/wp-json\/wp\/v2\/types\/page"}],"author":[{"embeddable":true,"href":"https:\/\/garganoappartamenti.ftweb.it\/en\/wp-json\/wp\/v2\/users\/1"}],"replies":[{"embeddable":true,"href":"https:\/\/garganoappartamenti.ftweb.it\/en\/wp-json\/wp\/v2\/comments?post=4259"}],"version-history":[{"count":1,"href":"https:\/\/garganoappartamenti.ftweb.it\/en\/wp-json\/wp\/v2\/pages\/4259\/revisions"}],"predecessor-version":[{"id":4816,"href":"https:\/\/garganoappartamenti.ftweb.it\/en\/wp-json\/wp\/v2\/pages\/4259\/revisions\/4816"}],"wp:attachment":[{"href":"https:\/\/garganoappartamenti.ftweb.it\/en\/wp-json\/wp\/v2\/media?parent=4259"}],"curies":[{"name":"wp","href":"https:\/\/api.w.org\/{rel}","templated":true}]}}